{"id":74,"date":"2017-09-04T08:16:30","date_gmt":"2017-09-04T08:16:30","guid":{"rendered":"http:\/\/marmolesestevez.es\/?page_id=74"},"modified":"2020-12-08T08:34:35","modified_gmt":"2020-12-08T08:34:35","slug":"cocinas","status":"publish","type":"page","link":"https:\/\/marmolesestevez.es\/index.php\/cocinas\/","title":{"rendered":"COCINAS"},"content":{"rendered":"<p>Si est\u00e1 pensando en realizar una renovaci\u00f3n de su cocina, no dude en ponerse en contacto con nosotros. Realizamos encimeras, frentes, barras y m\u00e1s trabajos relacionados en m\u00faltiples materiales.<br \/>\nSolicite presupuesto sin compromiso<\/p>\n\n\t\t<style type=\"text\/css\">\n\t\t\t#gallery-1 {\n\t\t\t\tmargin: auto;\n\t\t\t}\n\t\t\t#gallery-1 .gallery-item {\n\t\t\t\tfloat: left;\n\t\t\t\tmargin-top: 10px;\n\t\t\t\ttext-align: center;\n\t\t\t\twidth: 16%;\n\t\t\t}\n\t\t\t#gallery-1 img {\n\t\t\t\tborder: 2px solid #cfcfcf;\n\t\t\t}\n\t\t\t#gallery-1 .gallery-caption {\n\t\t\t\tmargin-left: 0;\n\t\t\t}\n\t\t\t\/* see gallery_shortcode() in wp-includes\/media.php *\/\n\t\t<\/style>\n\t\t<div id='gallery-1' class='gallery galleryid-74 gallery-columns-6 gallery-size-thumbnail'><dl class='gallery-item'>\n\t\t\t<dt class='gallery-icon landscape'>\n\t\t\t\t<a href='https:\/\/marmolesestevez.es\/wp-content\/uploads\/2020\/12\/IMG-20201123-WA0018.jpg'><img loading=\"lazy\" decoding=\"async\" width=\"150\" height=\"113\" src=\"https:\/\/marmolesestevez.es\/wp-content\/uploads\/2020\/12\/IMG-20201123-WA0018.jpg\" class=\"attachment-thumbnail size-thumbnail\" alt=\"\" aria-describedby=\"gallery-1-1094\" \/><\/a>\n\t\t\t<\/dt>\n\t\t\t\t<dd class='wp-caption-text gallery-caption' id='gallery-1-1094'>\n\t\t\t\tPIETRA GREY F.SIZE XL 12MM\n\t\t\t\t<\/dd><\/dl><dl class='gallery-item'>\n\t\t\t<dt class='gallery-icon landscape'>\n\t\t\t\t<a href='https:\/\/marmolesestevez.es\/wp-content\/uploads\/2020\/12\/IMG-20201123-WA0017.jpg'><img loading=\"lazy\" decoding=\"async\" width=\"150\" height=\"113\" src=\"https:\/\/marmolesestevez.es\/wp-content\/uploads\/2020\/12\/IMG-20201123-WA0017.jpg\" class=\"attachment-thumbnail size-thumbnail\" alt=\"\" aria-describedby=\"gallery-1-1093\" \/><\/a>\n\t\t\t<\/dt>\n\t\t\t\t<dd class='wp-caption-text gallery-caption' id='gallery-1-1093'>\n\t\t\t\tPIETRA GREY F.SIZE XL 12MM\n\t\t\t\t<\/dd><\/dl><dl class='gallery-item'>\n\t\t\t<dt class='gallery-icon landscape'>\n\t\t\t\t<a href='https:\/\/marmolesestevez.es\/wp-content\/uploads\/2020\/12\/IMG-20201123-WA0019.jpg'><img loading=\"lazy\" decoding=\"async\" width=\"150\" height=\"113\" src=\"https:\/\/marmolesestevez.es\/wp-content\/uploads\/2020\/12\/IMG-20201123-WA0019.jpg\" class=\"attachment-thumbnail size-thumbnail\" alt=\"\" aria-describedby=\"gallery-1-1095\" \/><\/a>\n\t\t\t<\/dt>\n\t\t\t\t<dd class='wp-caption-text gallery-caption' id='gallery-1-1095'>\n\t\t\t\tPIETRA GREY F.SIZE XL 12MM\n\t\t\t\t<\/dd><\/dl><dl class='gallery-item'>\n\t\t\t<dt class='gallery-icon landscape'>\n\t\t\t\t<a href='https:\/\/marmolesestevez.es\/wp-content\/uploads\/2017\/09\/marmolesestevezcocina1.jpg'><img loading=\"lazy\" decoding=\"async\" width=\"150\" height=\"150\" src=\"https:\/\/marmolesestevez.es\/wp-content\/uploads\/2017\/09\/marmolesestevezcocina1-150x150.jpg\" class=\"attachment-thumbnail size-thumbnail\" alt=\"\" \/><\/a>\n\t\t\t<\/dt><\/dl><dl class='gallery-item'>\n\t\t\t<dt class='gallery-icon portrait'>\n\t\t\t\t<a href='https:\/\/marmolesestevez.es\/wp-content\/uploads\/2017\/09\/marmolesestevezcocina2.jpg'><img loading=\"lazy\" decoding=\"async\" width=\"150\" height=\"150\" src=\"https:\/\/marmolesestevez.es\/wp-content\/uploads\/2017\/09\/marmolesestevezcocina2-150x150.jpg\" class=\"attachment-thumbnail size-thumbnail\" alt=\"\" \/><\/a>\n\t\t\t<\/dt><\/dl><dl class='gallery-item'>\n\t\t\t<dt class='gallery-icon portrait'>\n\t\t\t\t<a href='https:\/\/marmolesestevez.es\/wp-content\/uploads\/2017\/09\/marmolesestevezcocina3.jpg'><img loading=\"lazy\" decoding=\"async\" width=\"150\" height=\"150\" src=\"https:\/\/marmolesestevez.es\/wp-content\/uploads\/2017\/09\/marmolesestevezcocina3-150x150.jpg\" class=\"attachment-thumbnail size-thumbnail\" alt=\"\" \/><\/a>\n\t\t\t<\/dt><\/dl><br style=\"clear: both\" \/><dl class='gallery-item'>\n\t\t\t<dt class='gallery-icon landscape'>\n\t\t\t\t<a href='https:\/\/marmolesestevez.es\/wp-content\/uploads\/2017\/09\/marmolesestevezcocina4.jpg'><img loading=\"lazy\" decoding=\"async\" width=\"150\" height=\"150\" src=\"https:\/\/marmolesestevez.es\/wp-content\/uploads\/2017\/09\/marmolesestevezcocina4-150x150.jpg\" class=\"attachment-thumbnail size-thumbnail\" alt=\"\" \/><\/a>\n\t\t\t<\/dt><\/dl><dl class='gallery-item'>\n\t\t\t<dt class='gallery-icon landscape'>\n\t\t\t\t<a href='https:\/\/marmolesestevez.es\/wp-content\/uploads\/2017\/09\/marmolesestevezcocina5.jpg'><img loading=\"lazy\" decoding=\"async\" width=\"150\" height=\"150\" src=\"https:\/\/marmolesestevez.es\/wp-content\/uploads\/2017\/09\/marmolesestevezcocina5-150x150.jpg\" class=\"attachment-thumbnail size-thumbnail\" alt=\"\" \/><\/a>\n\t\t\t<\/dt><\/dl><dl class='gallery-item'>\n\t\t\t<dt class='gallery-icon portrait'>\n\t\t\t\t<a href='https:\/\/marmolesestevez.es\/wp-content\/uploads\/2017\/09\/marmolesestevezcocina6.jpg'><img loading=\"lazy\" decoding=\"async\" width=\"150\" height=\"150\" src=\"https:\/\/marmolesestevez.es\/wp-content\/uploads\/2017\/09\/marmolesestevezcocina6-150x150.jpg\" class=\"attachment-thumbnail size-thumbnail\" alt=\"\" \/><\/a>\n\t\t\t<\/dt><\/dl><dl class='gallery-item'>\n\t\t\t<dt class='gallery-icon landscape'>\n\t\t\t\t<a href='https:\/\/marmolesestevez.es\/wp-content\/uploads\/2017\/09\/marmolesestevezcocina7.jpg'><img loading=\"lazy\" decoding=\"async\" width=\"150\" height=\"150\" src=\"https:\/\/marmolesestevez.es\/wp-content\/uploads\/2017\/09\/marmolesestevezcocina7-150x150.jpg\" class=\"attachment-thumbnail size-thumbnail\" alt=\"\" \/><\/a>\n\t\t\t<\/dt><\/dl><dl class='gallery-item'>\n\t\t\t<dt class='gallery-icon portrait'>\n\t\t\t\t<a href='https:\/\/marmolesestevez.es\/wp-content\/uploads\/2017\/09\/marmolesestevezcocina8.jpg'><img loading=\"lazy\" decoding=\"async\" width=\"150\" height=\"150\" src=\"https:\/\/marmolesestevez.es\/wp-content\/uploads\/2017\/09\/marmolesestevezcocina8-150x150.jpg\" class=\"attachment-thumbnail size-thumbnail\" alt=\"\" \/><\/a>\n\t\t\t<\/dt><\/dl><dl class='gallery-item'>\n\t\t\t<dt class='gallery-icon landscape'>\n\t\t\t\t<a href='https:\/\/marmolesestevez.es\/wp-content\/uploads\/2017\/09\/marmolesestevezcocina9.jpg'><img loading=\"lazy\" decoding=\"async\" width=\"150\" height=\"150\" src=\"https:\/\/marmolesestevez.es\/wp-content\/uploads\/2017\/09\/marmolesestevezcocina9-150x150.jpg\" class=\"attachment-thumbnail size-thumbnail\" alt=\"\" \/><\/a>\n\t\t\t<\/dt><\/dl><br style=\"clear: both\" \/><dl class='gallery-item'>\n\t\t\t<dt class='gallery-icon portrait'>\n\t\t\t\t<a href='https:\/\/marmolesestevez.es\/wp-content\/uploads\/2017\/09\/marmolesestevezcocina11.jpg'><img loading=\"lazy\" decoding=\"async\" width=\"150\" height=\"150\" src=\"https:\/\/marmolesestevez.es\/wp-content\/uploads\/2017\/09\/marmolesestevezcocina11-150x150.jpg\" class=\"attachment-thumbnail size-thumbnail\" alt=\"\" \/><\/a>\n\t\t\t<\/dt><\/dl><dl class='gallery-item'>\n\t\t\t<dt class='gallery-icon landscape'>\n\t\t\t\t<a href='https:\/\/marmolesestevez.es\/wp-content\/uploads\/2017\/09\/marmolesestevezcocina12.jpg'><img loading=\"lazy\" decoding=\"async\" width=\"150\" height=\"150\" src=\"https:\/\/marmolesestevez.es\/wp-content\/uploads\/2017\/09\/marmolesestevezcocina12-150x150.jpg\" class=\"attachment-thumbnail size-thumbnail\" alt=\"\" \/><\/a>\n\t\t\t<\/dt><\/dl><dl class='gallery-item'>\n\t\t\t<dt class='gallery-icon landscape'>\n\t\t\t\t<a href='https:\/\/marmolesestevez.es\/wp-content\/uploads\/2017\/09\/marmoles-estevez-cocina-10.jpg'><img loading=\"lazy\" decoding=\"async\" width=\"150\" height=\"150\" src=\"https:\/\/marmolesestevez.es\/wp-content\/uploads\/2017\/09\/marmoles-estevez-cocina-10-150x150.jpg\" class=\"attachment-thumbnail size-thumbnail\" alt=\"\" \/><\/a>\n\t\t\t<\/dt><\/dl><dl class='gallery-item'>\n\t\t\t<dt class='gallery-icon landscape'>\n\t\t\t\t<a href='https:\/\/marmolesestevez.es\/wp-content\/uploads\/2017\/09\/marmoles-estevez-cocina-11.jpg'><img loading=\"lazy\" decoding=\"async\" width=\"150\" height=\"84\" src=\"https:\/\/marmolesestevez.es\/wp-content\/uploads\/2017\/09\/marmoles-estevez-cocina-11.jpg\" class=\"attachment-thumbnail size-thumbnail\" alt=\"\" \/><\/a>\n\t\t\t<\/dt><\/dl><dl class='gallery-item'>\n\t\t\t<dt class='gallery-icon landscape'>\n\t\t\t\t<a href='https:\/\/marmolesestevez.es\/wp-content\/uploads\/2017\/09\/marmoles-estevez-cocina-12.jpg'><img loading=\"lazy\" decoding=\"async\" width=\"150\" height=\"84\" src=\"https:\/\/marmolesestevez.es\/wp-content\/uploads\/2017\/09\/marmoles-estevez-cocina-12.jpg\" class=\"attachment-thumbnail size-thumbnail\" alt=\"\" \/><\/a>\n\t\t\t<\/dt><\/dl>\n\t\t\t<br style='clear: both' \/>\n\t\t<\/div>\n\n","protected":false},"excerpt":{"rendered":"<p>Si est\u00e1 pensando en realizar una renovaci\u00f3n de su cocina, no dude en ponerse en contacto con nosotros. Realizamos encimeras, frentes, barras y m\u00e1s trabajos relacionados en m\u00faltiples materiales. Solicite presupuesto sin compromiso<\/p>\n","protected":false},"author":1,"featured_media":0,"parent":0,"menu_order":0,"comment_status":"closed","ping_status":"closed","template":"page-fullwidth.php","meta":{"footnotes":""},"class_list":["post-74","page","type-page","status-publish","hentry"],"aioseo_notices":[],"_links":{"self":[{"href":"https:\/\/marmolesestevez.es\/index.php\/wp-json\/wp\/v2\/pages\/74","targetHints":{"allow":["GET"]}}],"collection":[{"href":"https:\/\/marmolesestevez.es\/index.php\/wp-json\/wp\/v2\/pages"}],"about":[{"href":"https:\/\/marmolesestevez.es\/index.php\/wp-json\/wp\/v2\/types\/page"}],"author":[{"embeddable":true,"href":"https:\/\/marmolesestevez.es\/index.php\/wp-json\/wp\/v2\/users\/1"}],"replies":[{"embeddable":true,"href":"https:\/\/marmolesestevez.es\/index.php\/wp-json\/wp\/v2\/comments?post=74"}],"version-history":[{"count":6,"href":"https:\/\/marmolesestevez.es\/index.php\/wp-json\/wp\/v2\/pages\/74\/revisions"}],"predecessor-version":[{"id":1097,"href":"https:\/\/marmolesestevez.es\/index.php\/wp-json\/wp\/v2\/pages\/74\/revisions\/1097"}],"wp:attachment":[{"href":"https:\/\/marmolesestevez.es\/index.php\/wp-json\/wp\/v2\/media?parent=74"}],"curies":[{"name":"wp","href":"https:\/\/api.w.org\/{rel}","templated":true}]}}