{"id":127,"date":"2017-09-04T08:58:11","date_gmt":"2017-09-04T08:58:11","guid":{"rendered":"http:\/\/marmolesestevez.es\/?page_id=127"},"modified":"2017-11-03T09:47:32","modified_gmt":"2017-11-03T09:47:32","slug":"marmoles","status":"publish","type":"page","link":"https:\/\/marmolesestevez.es\/index.php\/marmoles\/","title":{"rendered":"MARMOLES"},"content":{"rendered":"<p>Contamos con un amplio cat\u00e1logo de m\u00e1rmoles para realizar un dise\u00f1o personalizado de los trabajos.<\/p>\n<p>Solicite presupuesto sin compromiso<\/p>\n\n\t\t<style type=\"text\/css\">\n\t\t\t#gallery-1 {\n\t\t\t\tmargin: auto;\n\t\t\t}\n\t\t\t#gallery-1 .gallery-item {\n\t\t\t\tfloat: left;\n\t\t\t\tmargin-top: 10px;\n\t\t\t\ttext-align: center;\n\t\t\t\twidth: 16%;\n\t\t\t}\n\t\t\t#gallery-1 img {\n\t\t\t\tborder: 2px solid #cfcfcf;\n\t\t\t}\n\t\t\t#gallery-1 .gallery-caption {\n\t\t\t\tmargin-left: 0;\n\t\t\t}\n\t\t\t\/* see gallery_shortcode() in wp-includes\/media.php *\/\n\t\t<\/style>\n\t\t<div id='gallery-1' class='gallery galleryid-127 gallery-columns-6 gallery-size-thumbnail'><dl class='gallery-item'>\n\t\t\t<dt class='gallery-icon landscape'>\n\t\t\t\t<a href='https:\/\/marmolesestevez.es\/wp-content\/uploads\/2017\/09\/marmol-blanco-ibiza.jpg'><img loading=\"lazy\" decoding=\"async\" width=\"150\" height=\"150\" src=\"https:\/\/marmolesestevez.es\/wp-content\/uploads\/2017\/09\/marmol-blanco-ibiza-150x150.jpg\" class=\"attachment-thumbnail size-thumbnail\" alt=\"\" aria-describedby=\"gallery-1-232\" srcset=\"https:\/\/marmolesestevez.es\/wp-content\/uploads\/2017\/09\/marmol-blanco-ibiza-150x150.jpg 150w, https:\/\/marmolesestevez.es\/wp-content\/uploads\/2017\/09\/marmol-blanco-ibiza-300x300.jpg 300w, https:\/\/marmolesestevez.es\/wp-content\/uploads\/2017\/09\/marmol-blanco-ibiza.jpg 500w\" sizes=\"auto, (max-width: 150px) 100vw, 150px\" \/><\/a>\n\t\t\t<\/dt>\n\t\t\t\t<dd class='wp-caption-text gallery-caption' id='gallery-1-232'>\n\t\t\t\tBLANCO IBIZA\n\t\t\t\t<\/dd><\/dl><dl class='gallery-item'>\n\t\t\t<dt class='gallery-icon portrait'>\n\t\t\t\t<a href='https:\/\/marmolesestevez.es\/wp-content\/uploads\/2017\/09\/marmol-blanco-macael.jpg'><img loading=\"lazy\" decoding=\"async\" width=\"150\" height=\"150\" src=\"https:\/\/marmolesestevez.es\/wp-content\/uploads\/2017\/09\/marmol-blanco-macael-150x150.jpg\" class=\"attachment-thumbnail size-thumbnail\" alt=\"\" aria-describedby=\"gallery-1-233\" \/><\/a>\n\t\t\t<\/dt>\n\t\t\t\t<dd class='wp-caption-text gallery-caption' id='gallery-1-233'>\n\t\t\t\tBLANCO MACAEL\n\t\t\t\t<\/dd><\/dl><dl class='gallery-item'>\n\t\t\t<dt class='gallery-icon landscape'>\n\t\t\t\t<a href='https:\/\/marmolesestevez.es\/wp-content\/uploads\/2017\/09\/marmol-crema-marfil.jpg'><img loading=\"lazy\" decoding=\"async\" width=\"150\" height=\"150\" src=\"https:\/\/marmolesestevez.es\/wp-content\/uploads\/2017\/09\/marmol-crema-marfil-150x150.jpg\" class=\"attachment-thumbnail size-thumbnail\" alt=\"\" aria-describedby=\"gallery-1-234\" srcset=\"https:\/\/marmolesestevez.es\/wp-content\/uploads\/2017\/09\/marmol-crema-marfil-150x150.jpg 150w, https:\/\/marmolesestevez.es\/wp-content\/uploads\/2017\/09\/marmol-crema-marfil-300x300.jpg 300w, https:\/\/marmolesestevez.es\/wp-content\/uploads\/2017\/09\/marmol-crema-marfil.jpg 500w\" sizes=\"auto, (max-width: 150px) 100vw, 150px\" \/><\/a>\n\t\t\t<\/dt>\n\t\t\t\t<dd class='wp-caption-text gallery-caption' id='gallery-1-234'>\n\t\t\t\tCREMA MARFIL\n\t\t\t\t<\/dd><\/dl><dl class='gallery-item'>\n\t\t\t<dt class='gallery-icon landscape'>\n\t\t\t\t<a href='https:\/\/marmolesestevez.es\/wp-content\/uploads\/2017\/09\/marmol-gris-macael.jpg'><img loading=\"lazy\" decoding=\"async\" width=\"150\" height=\"150\" src=\"https:\/\/marmolesestevez.es\/wp-content\/uploads\/2017\/09\/marmol-gris-macael-150x150.jpg\" class=\"attachment-thumbnail size-thumbnail\" alt=\"\" aria-describedby=\"gallery-1-235\" \/><\/a>\n\t\t\t<\/dt>\n\t\t\t\t<dd class='wp-caption-text gallery-caption' id='gallery-1-235'>\n\t\t\t\tGRIS MACAEL\n\t\t\t\t<\/dd><\/dl><dl class='gallery-item'>\n\t\t\t<dt class='gallery-icon landscape'>\n\t\t\t\t<a href='https:\/\/marmolesestevez.es\/wp-content\/uploads\/2017\/09\/marmol-negro-marquina.jpg'><img loading=\"lazy\" decoding=\"async\" width=\"150\" height=\"150\" src=\"https:\/\/marmolesestevez.es\/wp-content\/uploads\/2017\/09\/marmol-negro-marquina-150x150.jpg\" class=\"attachment-thumbnail size-thumbnail\" alt=\"\" aria-describedby=\"gallery-1-236\" srcset=\"https:\/\/marmolesestevez.es\/wp-content\/uploads\/2017\/09\/marmol-negro-marquina-150x150.jpg 150w, https:\/\/marmolesestevez.es\/wp-content\/uploads\/2017\/09\/marmol-negro-marquina-300x300.jpg 300w, https:\/\/marmolesestevez.es\/wp-content\/uploads\/2017\/09\/marmol-negro-marquina.jpg 500w\" sizes=\"auto, (max-width: 150px) 100vw, 150px\" \/><\/a>\n\t\t\t<\/dt>\n\t\t\t\t<dd class='wp-caption-text gallery-caption' id='gallery-1-236'>\n\t\t\t\tNEGRO MARQUINA\n\t\t\t\t<\/dd><\/dl><dl class='gallery-item'>\n\t\t\t<dt class='gallery-icon landscape'>\n\t\t\t\t<a href='https:\/\/marmolesestevez.es\/wp-content\/uploads\/2017\/09\/marmol-rainforest-green.jpg'><img loading=\"lazy\" decoding=\"async\" width=\"150\" height=\"150\" src=\"https:\/\/marmolesestevez.es\/wp-content\/uploads\/2017\/09\/marmol-rainforest-green-150x150.jpg\" class=\"attachment-thumbnail size-thumbnail\" alt=\"\" aria-describedby=\"gallery-1-237\" srcset=\"https:\/\/marmolesestevez.es\/wp-content\/uploads\/2017\/09\/marmol-rainforest-green-150x150.jpg 150w, https:\/\/marmolesestevez.es\/wp-content\/uploads\/2017\/09\/marmol-rainforest-green-300x300.jpg 300w, https:\/\/marmolesestevez.es\/wp-content\/uploads\/2017\/09\/marmol-rainforest-green.jpg 500w\" sizes=\"auto, (max-width: 150px) 100vw, 150px\" \/><\/a>\n\t\t\t<\/dt>\n\t\t\t\t<dd class='wp-caption-text gallery-caption' id='gallery-1-237'>\n\t\t\t\tRAINFOREST GREEN\n\t\t\t\t<\/dd><\/dl><br style=\"clear: both\" \/><dl class='gallery-item'>\n\t\t\t<dt class='gallery-icon landscape'>\n\t\t\t\t<a href='https:\/\/marmolesestevez.es\/wp-content\/uploads\/2017\/09\/marmol-royal-black.jpg'><img loading=\"lazy\" decoding=\"async\" width=\"150\" height=\"150\" src=\"https:\/\/marmolesestevez.es\/wp-content\/uploads\/2017\/09\/marmol-royal-black-150x150.jpg\" class=\"attachment-thumbnail size-thumbnail\" alt=\"\" aria-describedby=\"gallery-1-239\" srcset=\"https:\/\/marmolesestevez.es\/wp-content\/uploads\/2017\/09\/marmol-royal-black-150x150.jpg 150w, https:\/\/marmolesestevez.es\/wp-content\/uploads\/2017\/09\/marmol-royal-black-300x300.jpg 300w, https:\/\/marmolesestevez.es\/wp-content\/uploads\/2017\/09\/marmol-royal-black.jpg 500w\" sizes=\"auto, (max-width: 150px) 100vw, 150px\" \/><\/a>\n\t\t\t<\/dt>\n\t\t\t\t<dd class='wp-caption-text gallery-caption' id='gallery-1-239'>\n\t\t\t\tROYAL BLACK\n\t\t\t\t<\/dd><\/dl><dl class='gallery-item'>\n\t\t\t<dt class='gallery-icon landscape'>\n\t\t\t\t<a href='https:\/\/marmolesestevez.es\/wp-content\/uploads\/2017\/09\/marmol-travertino.jpg'><img loading=\"lazy\" decoding=\"async\" width=\"150\" height=\"150\" src=\"https:\/\/marmolesestevez.es\/wp-content\/uploads\/2017\/09\/marmol-travertino-150x150.jpg\" class=\"attachment-thumbnail size-thumbnail\" alt=\"\" aria-describedby=\"gallery-1-240\" srcset=\"https:\/\/marmolesestevez.es\/wp-content\/uploads\/2017\/09\/marmol-travertino-150x150.jpg 150w, https:\/\/marmolesestevez.es\/wp-content\/uploads\/2017\/09\/marmol-travertino-300x300.jpg 300w, https:\/\/marmolesestevez.es\/wp-content\/uploads\/2017\/09\/marmol-travertino.jpg 500w\" sizes=\"auto, (max-width: 150px) 100vw, 150px\" \/><\/a>\n\t\t\t<\/dt>\n\t\t\t\t<dd class='wp-caption-text gallery-caption' id='gallery-1-240'>\n\t\t\t\tTRAVERTINO\n\t\t\t\t<\/dd><\/dl><dl class='gallery-item'>\n\t\t\t<dt class='gallery-icon landscape'>\n\t\t\t\t<a href='https:\/\/marmolesestevez.es\/wp-content\/uploads\/2017\/09\/marmol-verde-jauji.jpg'><img loading=\"lazy\" decoding=\"async\" width=\"150\" height=\"150\" src=\"https:\/\/marmolesestevez.es\/wp-content\/uploads\/2017\/09\/marmol-verde-jauji-150x150.jpg\" class=\"attachment-thumbnail size-thumbnail\" alt=\"\" aria-describedby=\"gallery-1-241\" srcset=\"https:\/\/marmolesestevez.es\/wp-content\/uploads\/2017\/09\/marmol-verde-jauji-150x150.jpg 150w, https:\/\/marmolesestevez.es\/wp-content\/uploads\/2017\/09\/marmol-verde-jauji-300x300.jpg 300w, https:\/\/marmolesestevez.es\/wp-content\/uploads\/2017\/09\/marmol-verde-jauji.jpg 500w\" sizes=\"auto, (max-width: 150px) 100vw, 150px\" \/><\/a>\n\t\t\t<\/dt>\n\t\t\t\t<dd class='wp-caption-text gallery-caption' id='gallery-1-241'>\n\t\t\t\tVERDE JAUJI\n\t\t\t\t<\/dd><\/dl><dl class='gallery-item'>\n\t\t\t<dt class='gallery-icon landscape'>\n\t\t\t\t<a href='https:\/\/marmolesestevez.es\/wp-content\/uploads\/2017\/09\/marmol-rosa-portugues.jpg'><img loading=\"lazy\" decoding=\"async\" width=\"150\" height=\"150\" src=\"https:\/\/marmolesestevez.es\/wp-content\/uploads\/2017\/09\/marmol-rosa-portugues-150x150.jpg\" class=\"attachment-thumbnail size-thumbnail\" alt=\"\" aria-describedby=\"gallery-1-242\" \/><\/a>\n\t\t\t<\/dt>\n\t\t\t\t<dd class='wp-caption-text gallery-caption' id='gallery-1-242'>\n\t\t\t\tROSA PORTUGUES\n\t\t\t\t<\/dd><\/dl>\n\t\t\t<br style='clear: both' \/>\n\t\t<\/div>\n\n","protected":false},"excerpt":{"rendered":"<p>Contamos con un amplio cat\u00e1logo de m\u00e1rmoles para realizar un dise\u00f1o personalizado de los trabajos. Solicite presupuesto sin compromiso<\/p>\n","protected":false},"author":1,"featured_media":0,"parent":0,"menu_order":0,"comment_status":"closed","ping_status":"closed","template":"page-fullwidth.php","meta":{"footnotes":""},"class_list":["post-127","page","type-page","status-publish","hentry"],"aioseo_notices":[],"_links":{"self":[{"href":"https:\/\/marmolesestevez.es\/index.php\/wp-json\/wp\/v2\/pages\/127","targetHints":{"allow":["GET"]}}],"collection":[{"href":"https:\/\/marmolesestevez.es\/index.php\/wp-json\/wp\/v2\/pages"}],"about":[{"href":"https:\/\/marmolesestevez.es\/index.php\/wp-json\/wp\/v2\/types\/page"}],"author":[{"embeddable":true,"href":"https:\/\/marmolesestevez.es\/index.php\/wp-json\/wp\/v2\/users\/1"}],"replies":[{"embeddable":true,"href":"https:\/\/marmolesestevez.es\/index.php\/wp-json\/wp\/v2\/comments?post=127"}],"version-history":[{"count":3,"href":"https:\/\/marmolesestevez.es\/index.php\/wp-json\/wp\/v2\/pages\/127\/revisions"}],"predecessor-version":[{"id":243,"href":"https:\/\/marmolesestevez.es\/index.php\/wp-json\/wp\/v2\/pages\/127\/revisions\/243"}],"wp:attachment":[{"href":"https:\/\/marmolesestevez.es\/index.php\/wp-json\/wp\/v2\/media?parent=127"}],"curies":[{"name":"wp","href":"https:\/\/api.w.org\/{rel}","templated":true}]}}